{"id":176,"date":"2021-02-11T15:39:18","date_gmt":"2021-02-11T15:39:18","guid":{"rendered":"https:\/\/ativo.vamtam.com\/?page_id=176"},"modified":"2025-04-17T14:44:24","modified_gmt":"2025-04-17T12:44:24","slug":"kontakt","status":"publish","type":"page","link":"https:\/\/osobni-trening.hr\/index.php\/kontakt\/","title":{"rendered":"Kontakt"},"content":{"rendered":"\t\t<div data-elementor-type=\"wp-page\" data-elementor-id=\"176\" class=\"elementor elementor-176\" data-elementor-post-type=\"page\">\n\t\t\t\t\t\t\t\t\t<section class=\"elementor-section elementor-top-section elementor-element elementor-element-4be1b97 elementor-section-boxed elementor-section-height-default elementor-section-height-default\" data-id=\"4be1b97\" data-element_type=\"section\">\n\t\t\t\t\t\t<div class=\"elementor-container elementor-column-gap-no\">\n\t\t\t\t\t<div class=\"elementor-column elementor-col-100 elementor-top-column elementor-element elementor-element-322bc3c\" data-id=\"322bc3c\" data-element_type=\"column\">\n\t\t\t<div class=\"elementor-widget-wrap elementor-element-populated\">\n\t\t\t\t\t\t\t\t\t<\/div>\n\t\t<\/div>\n\t\t\t\t\t\t\t<\/div>\n\t\t<\/section>\n\t\t\t\t<section class=\"elementor-section elementor-top-section elementor-element elementor-element-eb33613 elementor-section-boxed elementor-section-height-default elementor-section-height-default\" data-id=\"eb33613\" data-element_type=\"section\">\n\t\t\t\t\t\t<div class=\"elementor-container elementor-column-gap-no\">\n\t\t\t\t\t<div class=\"elementor-column elementor-col-100 elementor-top-column elementor-element elementor-element-847935c\" data-id=\"847935c\" data-element_type=\"column\">\n\t\t\t<div class=\"elementor-widget-wrap elementor-element-populated\">\n\t\t\t\t\t\t\t\t<div class=\"elementor-element elementor-element-4afc1ae elementor-widget elementor-widget-heading\" data-id=\"4afc1ae\" data-element_type=\"widget\" data-widget_type=\"heading.default\">\n\t\t\t\t<div class=\"elementor-widget-container\">\n\t\t\t<style>\/*! elementor - v3.17.0 - 01-11-2023 *\/\n.elementor-heading-title{padding:0;margin:0;line-height:1}.elementor-widget-heading .elementor-heading-title[class*=elementor-size-]>a{color:inherit;font-size:inherit;line-height:inherit}.elementor-widget-heading .elementor-heading-title.elementor-size-small{font-size:15px}.elementor-widget-heading .elementor-heading-title.elementor-size-medium{font-size:19px}.elementor-widget-heading .elementor-heading-title.elementor-size-large{font-size:29px}.elementor-widget-heading .elementor-heading-title.elementor-size-xl{font-size:39px}.elementor-widget-heading .elementor-heading-title.elementor-size-xxl{font-size:59px}<\/style><h5 class=\"elementor-heading-title elementor-size-default\">Prilago\u0111eni treninzi za mr\u0161avljenje, toniranje i zdrav \u017eivot \u2013 \u0160pansko, Pre\u010dko, Male\u0161nica, Vrbani, Jarun i ostali kvartovi zapadnog Zagreba.<\/h5>\t\t<\/div>\n\t\t\t\t<\/div>\n\t\t\t\t<div class=\"elementor-element elementor-element-5033dcd elementor-align-center elementor-mobile-align-left elementor-widget elementor-widget-button\" data-id=\"5033dcd\" data-element_type=\"widget\" data-widget_type=\"button.default\">\n\t\t\t\t<div class=\"elementor-widget-container\">\n\t\t\t\t\t<div class=\"elementor-button-wrapper\">\n\t\t\t<a class=\"elementor-button elementor-button-link elementor-size-sm\" href=\"#prijavise\">\n\t\t\t\t\t\t<span class=\"elementor-button-content-wrapper\">\n\t\t\t\t\t\t<span class=\"elementor-button-icon elementor-align-icon-left\">\n\t\t\t\t<i aria-hidden=\"true\" class=\"vamtamtheme- vamtam-theme-star\"><\/i>\t\t\t<\/span>\n\t\t\t\t\t\t<span class=\"elementor-button-text\">Prijavi se!<\/span>\n\t\t<\/span>\n\t\t\t\t\t<\/a>\n\t\t<\/div>\n\t\t\t\t<\/div>\n\t\t\t\t<\/div>\n\t\t\t\t<div class=\"elementor-element elementor-element-5915db1 elementor-widget elementor-widget-spacer\" data-id=\"5915db1\" data-element_type=\"widget\" data-widget_type=\"spacer.default\">\n\t\t\t\t<div class=\"elementor-widget-container\">\n\t\t\t<style>\/*! elementor - v3.17.0 - 01-11-2023 *\/\n.elementor-column .elementor-spacer-inner{height:var(--spacer-size)}.e-con{--container-widget-width:100%}.e-con-inner>.elementor-widget-spacer,.e-con>.elementor-widget-spacer{width:var(--container-widget-width,var(--spacer-size));--align-self:var(--container-widget-align-self,initial);--flex-shrink:0}.e-con-inner>.elementor-widget-spacer>.elementor-widget-container,.e-con>.elementor-widget-spacer>.elementor-widget-container{height:100%;width:100%}.e-con-inner>.elementor-widget-spacer>.elementor-widget-container>.elementor-spacer,.e-con>.elementor-widget-spacer>.elementor-widget-container>.elementor-spacer{height:100%}.e-con-inner>.elementor-widget-spacer>.elementor-widget-container>.elementor-spacer>.elementor-spacer-inner,.e-con>.elementor-widget-spacer>.elementor-widget-container>.elementor-spacer>.elementor-spacer-inner{height:var(--container-widget-height,var(--spacer-size))}.e-con-inner>.elementor-widget-spacer.elementor-widget-empty,.e-con>.elementor-widget-spacer.elementor-widget-empty{position:relative;min-height:22px;min-width:22px}.e-con-inner>.elementor-widget-spacer.elementor-widget-empty .elementor-widget-empty-icon,.e-con>.elementor-widget-spacer.elementor-widget-empty .elementor-widget-empty-icon{position:absolute;top:0;bottom:0;left:0;right:0;margin:auto;padding:0;width:22px;height:22px}<\/style>\t\t<div class=\"elementor-spacer\">\n\t\t\t<div class=\"elementor-spacer-inner\"><\/div>\n\t\t<\/div>\n\t\t\t\t<\/div>\n\t\t\t\t<\/div>\n\t\t\t\t\t<\/div>\n\t\t<\/div>\n\t\t\t\t\t\t\t<\/div>\n\t\t<\/section>\n\t\t\t\t<section class=\"elementor-section elementor-top-section elementor-element elementor-element-b4a4867 elementor-section-content-middle elementor-section-boxed elementor-section-height-default elementor-section-height-default\" data-id=\"b4a4867\" data-element_type=\"section\" data-settings=\"{&quot;background_background&quot;:&quot;classic&quot;}\">\n\t\t\t\t\t\t<div class=\"elementor-container elementor-column-gap-no\">\n\t\t\t\t\t<div class=\"elementor-column elementor-col-50 elementor-top-column elementor-element elementor-element-1eb9306\" data-id=\"1eb9306\" data-element_type=\"column\" data-settings=\"{&quot;animation&quot;:&quot;none&quot;,&quot;animation_tablet&quot;:&quot;none&quot;,&quot;animation_mobile&quot;:&quot;none&quot;,&quot;animation_delay&quot;:300}\">\n\t\t\t<div class=\"elementor-widget-wrap elementor-element-populated\">\n\t\t\t\t\t\t\t\t<div class=\"elementor-element elementor-element-c7aa85d elementor-widget elementor-widget-heading\" data-id=\"c7aa85d\" data-element_type=\"widget\" data-widget_type=\"heading.default\">\n\t\t\t\t<div class=\"elementor-widget-container\">\n\t\t\t<h5 class=\"elementor-heading-title elementor-size-default\">Shopping Centar Pre\u010dko<\/h5>\t\t<\/div>\n\t\t\t\t<\/div>\n\t\t\t\t<div class=\"elementor-element elementor-element-3b2a052 elementor-widget elementor-widget-text-editor\" data-id=\"3b2a052\" data-element_type=\"widget\" data-widget_type=\"text-editor.default\">\n\t\t\t\t<div class=\"elementor-widget-container\">\n\t\t\t<style>\/*! elementor - v3.17.0 - 01-11-2023 *\/\n.elementor-widget-text-editor.elementor-drop-cap-view-stacked .elementor-drop-cap{background-color:#69727d;color:#fff}.elementor-widget-text-editor.elementor-drop-cap-view-framed .elementor-drop-cap{color:#69727d;border:3px solid;background-color:transparent}.elementor-widget-text-editor:not(.elementor-drop-cap-view-default) .elementor-drop-cap{margin-top:8px}.elementor-widget-text-editor:not(.elementor-drop-cap-view-default) .elementor-drop-cap-letter{width:1em;height:1em}.elementor-widget-text-editor .elementor-drop-cap{float:left;text-align:center;line-height:1;font-size:50px}.elementor-widget-text-editor .elementor-drop-cap-letter{display:inline-block}<\/style>\t\t\t\t<p>2. kat<br \/>Slavenskog 1<br \/>10000 Zagreb<\/p>\t\t\t\t\t\t<\/div>\n\t\t\t\t<\/div>\n\t\t\t\t<div class=\"elementor-element elementor-element-aa0ebab elementor-widget elementor-widget-text-editor\" data-id=\"aa0ebab\" data-element_type=\"widget\" data-widget_type=\"text-editor.default\">\n\t\t\t\t<div class=\"elementor-widget-container\">\n\t\t\t\t\t\t\t<p><strong>Telefon<\/strong>:\u00a0<a href=\"tel:+38513899111\">+385 1 3899 111<\/a><br \/><strong>Mobitel<\/strong>:\u00a0<a href=\"tel:+385915022995\">+385 91 5022 995<\/a><br \/><strong>E-mail<\/strong>: <a href=\"mailto:info@osobni-trening.hr\">info@osobni-trening.hr<\/a><\/p>\t\t\t\t\t\t<\/div>\n\t\t\t\t<\/div>\n\t\t\t\t\t<\/div>\n\t\t<\/div>\n\t\t\t\t<div class=\"elementor-column elementor-col-50 elementor-top-column elementor-element elementor-element-ebcbb82\" data-id=\"ebcbb82\" data-element_type=\"column\" data-settings=\"{&quot;animation&quot;:&quot;none&quot;,&quot;animation_tablet&quot;:&quot;none&quot;,&quot;animation_mobile&quot;:&quot;none&quot;,&quot;animation_delay&quot;:600}\">\n\t\t\t<div class=\"elementor-widget-wrap elementor-element-populated\">\n\t\t\t\t\t\t\t\t<div class=\"elementor-element elementor-element-b2dd69a elementor-widget elementor-widget-google_maps\" data-id=\"b2dd69a\" data-element_type=\"widget\" data-widget_type=\"google_maps.default\">\n\t\t\t\t<div class=\"elementor-widget-container\">\n\t\t\t<style>\/*! elementor - v3.17.0 - 01-11-2023 *\/\n.elementor-widget-google_maps .elementor-widget-container{overflow:hidden}.elementor-widget-google_maps .elementor-custom-embed{line-height:0}.elementor-widget-google_maps iframe{height:300px}<\/style>\t\t<div class=\"elementor-custom-embed\">\n\t\t\t<iframe loading=\"lazy\"\n\t\t\t\t\tsrc=\"https:\/\/maps.google.com\/maps?q=Slavenskoga%201%2C%2010000%20Zagreb&#038;t=m&#038;z=15&#038;output=embed&#038;iwloc=near\"\n\t\t\t\t\ttitle=\"Slavenskoga 1, 10000 Zagreb\"\n\t\t\t\t\taria-label=\"Slavenskoga 1, 10000 Zagreb\"\n\t\t\t><\/iframe>\n\t\t<\/div>\n\t\t\t\t<\/div>\n\t\t\t\t<\/div>\n\t\t\t\t\t<\/div>\n\t\t<\/div>\n\t\t\t\t\t\t\t<\/div>\n\t\t<\/section>\n\t\t<div class=\"elementor-element elementor-element-9524915 e-flex e-con-boxed e-con e-parent\" data-id=\"9524915\" data-element_type=\"container\" data-settings=\"{&quot;container_type&quot;:&quot;flex&quot;,&quot;content_width&quot;:&quot;boxed&quot;}\" data-core-v316-plus=\"true\">\n\t\t\t\t\t<div class=\"e-con-inner\">\n\t\t\t\t<div class=\"elementor-element elementor-element-5027c7e elementor-widget elementor-widget-spacer\" data-id=\"5027c7e\" data-element_type=\"widget\" data-widget_type=\"spacer.default\">\n\t\t\t\t<div class=\"elementor-widget-container\">\n\t\t\t\t\t<div class=\"elementor-spacer\">\n\t\t\t<div class=\"elementor-spacer-inner\"><\/div>\n\t\t<\/div>\n\t\t\t\t<\/div>\n\t\t\t\t<\/div>\n\t\t\t\t\t<\/div>\n\t\t\t\t<\/div>\n\t\t\t\t\t\t\t<\/div>\n\t\t","protected":false},"excerpt":{"rendered":"<p>Prilago\u0111eni treninzi za mr\u0161avljenje, toniranje i zdrav \u017eivot \u2013 \u0160pansko, Pre\u010dko, Male\u0161nica, Vrbani, Jarun i ostali kvartovi zapadnog Zagreba. Prijavi se! Shopping Centar Pre\u010dko 2. katSlavenskog 110000 Zagreb Telefon:\u00a0+385 1 3899 111Mobitel:\u00a0+385 91 5022 995E-mail: info@osobni-trening.hr<\/p>\n","protected":false},"author":1,"featured_media":987942,"parent":0,"menu_order":0,"comment_status":"closed","ping_status":"closed","template":"","meta":{"footnotes":""},"class_list":["post-176","page","type-page","status-publish","has-post-thumbnail","hentry"],"yoast_head":"<!-- This site is optimized with the Yoast SEO plugin v21.5 - https:\/\/yoast.com\/wordpress\/plugins\/seo\/ -->\n<title>Kontaktirajte nas - Osobni trening - Skidaj kile<\/title>\n<meta name=\"description\" content=\"Shopping Centar Pre\u010dko, 2. kat, Slavenskog 1, 10000 Zagreb, Telefon: +385 1 3899 111, Mobitel: +385 91 5022 995, E-mail: info@skidajkile.hr\" \/>\n<meta name=\"robots\" content=\"index, follow, max-snippet:-1, max-image-preview:large, max-video-preview:-1\" \/>\n<link rel=\"canonical\" href=\"https:\/\/osobni-trening.hr\/index.php\/kontakt\/\" \/>\n<meta property=\"og:locale\" content=\"hr_HR\" \/>\n<meta property=\"og:type\" content=\"article\" \/>\n<meta property=\"og:title\" content=\"Kontaktirajte nas - Osobni trening - Skidaj kile\" \/>\n<meta property=\"og:description\" content=\"Shopping Centar Pre\u010dko, 2. kat, Slavenskog 1, 10000 Zagreb, Telefon: +385 1 3899 111, Mobitel: +385 91 5022 995, E-mail: info@skidajkile.hr\" \/>\n<meta property=\"og:url\" content=\"https:\/\/osobni-trening.hr\/index.php\/kontakt\/\" \/>\n<meta property=\"og:site_name\" content=\"Osobni trening\" \/>\n<meta property=\"article:publisher\" content=\"https:\/\/www.facebook.com\/SkidajKile.hr\" \/>\n<meta property=\"article:modified_time\" content=\"2025-04-17T12:44:24+00:00\" \/>\n<meta property=\"og:image\" content=\"https:\/\/osobni-trening.hr\/wp-content\/uploads\/2023\/11\/recenzije.jpg\" \/>\n\t<meta property=\"og:image:width\" content=\"2000\" \/>\n\t<meta property=\"og:image:height\" content=\"1335\" \/>\n\t<meta property=\"og:image:type\" content=\"image\/jpeg\" \/>\n<meta name=\"twitter:card\" content=\"summary_large_image\" \/>\n<meta name=\"twitter:label1\" content=\"Procijenjeno vrijeme \u010ditanja\" \/>\n\t<meta name=\"twitter:data1\" content=\"1 minuta\" \/>\n<script type=\"application\/ld+json\" class=\"yoast-schema-graph\">{\"@context\":\"https:\/\/schema.org\",\"@graph\":[{\"@type\":\"WebPage\",\"@id\":\"https:\/\/osobni-trening.hr\/index.php\/kontakt\/\",\"url\":\"https:\/\/osobni-trening.hr\/index.php\/kontakt\/\",\"name\":\"Kontaktirajte nas - Osobni trening - Skidaj kile\",\"isPartOf\":{\"@id\":\"https:\/\/osobni-trening.hr\/#website\"},\"datePublished\":\"2021-02-11T15:39:18+00:00\",\"dateModified\":\"2025-04-17T12:44:24+00:00\",\"description\":\"Shopping Centar Pre\u010dko, 2. kat, Slavenskog 1, 10000 Zagreb, Telefon: +385 1 3899 111, Mobitel: +385 91 5022 995, E-mail: info@skidajkile.hr\",\"breadcrumb\":{\"@id\":\"https:\/\/osobni-trening.hr\/index.php\/kontakt\/#breadcrumb\"},\"inLanguage\":\"hr\",\"potentialAction\":[{\"@type\":\"ReadAction\",\"target\":[\"https:\/\/osobni-trening.hr\/index.php\/kontakt\/\"]}]},{\"@type\":\"BreadcrumbList\",\"@id\":\"https:\/\/osobni-trening.hr\/index.php\/kontakt\/#breadcrumb\",\"itemListElement\":[{\"@type\":\"ListItem\",\"position\":1,\"name\":\"Po\u010detna stranica\",\"item\":\"https:\/\/osobni-trening.hr\/\"},{\"@type\":\"ListItem\",\"position\":2,\"name\":\"Kontakt\"}]},{\"@type\":\"WebSite\",\"@id\":\"https:\/\/osobni-trening.hr\/#website\",\"url\":\"https:\/\/osobni-trening.hr\/\",\"name\":\"Osobni trening\",\"description\":\"Tvoj najbolji izbor\",\"publisher\":{\"@id\":\"https:\/\/osobni-trening.hr\/#organization\"},\"potentialAction\":[{\"@type\":\"SearchAction\",\"target\":{\"@type\":\"EntryPoint\",\"urlTemplate\":\"https:\/\/osobni-trening.hr\/?s={search_term_string}\"},\"query-input\":\"required name=search_term_string\"}],\"inLanguage\":\"hr\"},{\"@type\":\"Organization\",\"@id\":\"https:\/\/osobni-trening.hr\/#organization\",\"name\":\"Osobni trening\",\"url\":\"https:\/\/osobni-trening.hr\/\",\"logo\":{\"@type\":\"ImageObject\",\"inLanguage\":\"hr\",\"@id\":\"https:\/\/osobni-trening.hr\/#\/schema\/logo\/image\/\",\"url\":\"https:\/\/osobni-trening.hr\/wp-content\/uploads\/2021\/07\/osobni-trening-logo.png\",\"contentUrl\":\"https:\/\/osobni-trening.hr\/wp-content\/uploads\/2021\/07\/osobni-trening-logo.png\",\"width\":500,\"height\":222,\"caption\":\"Osobni trening\"},\"image\":{\"@id\":\"https:\/\/osobni-trening.hr\/#\/schema\/logo\/image\/\"},\"sameAs\":[\"https:\/\/www.facebook.com\/SkidajKile.hr\",\"https:\/\/www.instagram.com\/skidajkile.hr\/\"]}]}<\/script>\n<!-- \/ Yoast SEO plugin. -->","yoast_head_json":{"title":"Kontaktirajte nas - Osobni trening - Skidaj kile","description":"Shopping Centar Pre\u010dko, 2. kat, Slavenskog 1, 10000 Zagreb, Telefon: +385 1 3899 111, Mobitel: +385 91 5022 995, E-mail: info@skidajkile.hr","robots":{"index":"index","follow":"follow","max-snippet":"max-snippet:-1","max-image-preview":"max-image-preview:large","max-video-preview":"max-video-preview:-1"},"canonical":"https:\/\/osobni-trening.hr\/index.php\/kontakt\/","og_locale":"hr_HR","og_type":"article","og_title":"Kontaktirajte nas - Osobni trening - Skidaj kile","og_description":"Shopping Centar Pre\u010dko, 2. kat, Slavenskog 1, 10000 Zagreb, Telefon: +385 1 3899 111, Mobitel: +385 91 5022 995, E-mail: info@skidajkile.hr","og_url":"https:\/\/osobni-trening.hr\/index.php\/kontakt\/","og_site_name":"Osobni trening","article_publisher":"https:\/\/www.facebook.com\/SkidajKile.hr","article_modified_time":"2025-04-17T12:44:24+00:00","og_image":[{"width":2000,"height":1335,"url":"https:\/\/osobni-trening.hr\/wp-content\/uploads\/2023\/11\/recenzije.jpg","type":"image\/jpeg"}],"twitter_card":"summary_large_image","twitter_misc":{"Procijenjeno vrijeme \u010ditanja":"1 minuta"},"schema":{"@context":"https:\/\/schema.org","@graph":[{"@type":"WebPage","@id":"https:\/\/osobni-trening.hr\/index.php\/kontakt\/","url":"https:\/\/osobni-trening.hr\/index.php\/kontakt\/","name":"Kontaktirajte nas - Osobni trening - Skidaj kile","isPartOf":{"@id":"https:\/\/osobni-trening.hr\/#website"},"datePublished":"2021-02-11T15:39:18+00:00","dateModified":"2025-04-17T12:44:24+00:00","description":"Shopping Centar Pre\u010dko, 2. kat, Slavenskog 1, 10000 Zagreb, Telefon: +385 1 3899 111, Mobitel: +385 91 5022 995, E-mail: info@skidajkile.hr","breadcrumb":{"@id":"https:\/\/osobni-trening.hr\/index.php\/kontakt\/#breadcrumb"},"inLanguage":"hr","potentialAction":[{"@type":"ReadAction","target":["https:\/\/osobni-trening.hr\/index.php\/kontakt\/"]}]},{"@type":"BreadcrumbList","@id":"https:\/\/osobni-trening.hr\/index.php\/kontakt\/#breadcrumb","itemListElement":[{"@type":"ListItem","position":1,"name":"Po\u010detna stranica","item":"https:\/\/osobni-trening.hr\/"},{"@type":"ListItem","position":2,"name":"Kontakt"}]},{"@type":"WebSite","@id":"https:\/\/osobni-trening.hr\/#website","url":"https:\/\/osobni-trening.hr\/","name":"Osobni trening","description":"Tvoj najbolji izbor","publisher":{"@id":"https:\/\/osobni-trening.hr\/#organization"},"potentialAction":[{"@type":"SearchAction","target":{"@type":"EntryPoint","urlTemplate":"https:\/\/osobni-trening.hr\/?s={search_term_string}"},"query-input":"required name=search_term_string"}],"inLanguage":"hr"},{"@type":"Organization","@id":"https:\/\/osobni-trening.hr\/#organization","name":"Osobni trening","url":"https:\/\/osobni-trening.hr\/","logo":{"@type":"ImageObject","inLanguage":"hr","@id":"https:\/\/osobni-trening.hr\/#\/schema\/logo\/image\/","url":"https:\/\/osobni-trening.hr\/wp-content\/uploads\/2021\/07\/osobni-trening-logo.png","contentUrl":"https:\/\/osobni-trening.hr\/wp-content\/uploads\/2021\/07\/osobni-trening-logo.png","width":500,"height":222,"caption":"Osobni trening"},"image":{"@id":"https:\/\/osobni-trening.hr\/#\/schema\/logo\/image\/"},"sameAs":["https:\/\/www.facebook.com\/SkidajKile.hr","https:\/\/www.instagram.com\/skidajkile.hr\/"]}]}},"_links":{"self":[{"href":"https:\/\/osobni-trening.hr\/index.php\/wp-json\/wp\/v2\/pages\/176","targetHints":{"allow":["GET"]}}],"collection":[{"href":"https:\/\/osobni-trening.hr\/index.php\/wp-json\/wp\/v2\/pages"}],"about":[{"href":"https:\/\/osobni-trening.hr\/index.php\/wp-json\/wp\/v2\/types\/page"}],"author":[{"embeddable":true,"href":"https:\/\/osobni-trening.hr\/index.php\/wp-json\/wp\/v2\/users\/1"}],"replies":[{"embeddable":true,"href":"https:\/\/osobni-trening.hr\/index.php\/wp-json\/wp\/v2\/comments?post=176"}],"version-history":[{"count":34,"href":"https:\/\/osobni-trening.hr\/index.php\/wp-json\/wp\/v2\/pages\/176\/revisions"}],"predecessor-version":[{"id":989024,"href":"https:\/\/osobni-trening.hr\/index.php\/wp-json\/wp\/v2\/pages\/176\/revisions\/989024"}],"wp:featuredmedia":[{"embeddable":true,"href":"https:\/\/osobni-trening.hr\/index.php\/wp-json\/wp\/v2\/media\/987942"}],"wp:attachment":[{"href":"https:\/\/osobni-trening.hr\/index.php\/wp-json\/wp\/v2\/media?parent=176"}],"curies":[{"name":"wp","href":"https:\/\/api.w.org\/{rel}","templated":true}]}}